{"id":288,"date":"2015-01-09T09:26:41","date_gmt":"2015-01-09T09:26:41","guid":{"rendered":"https:\/\/casaellunchon.com\/?page_id=288"},"modified":"2020-06-15T21:02:21","modified_gmt":"2020-06-15T21:02:21","slug":"kuche","status":"publish","type":"page","link":"https:\/\/casaellunchon.com\/de\/kuche\/","title":{"rendered":"K\u00fcche"},"content":{"rendered":"<div class=\"row\">\n<div class=\"col-md-6\">\n<p><span class=\"dropcap\">E<\/span>s handelt sich hierbei um eine Nachbildung der alten K\u00fcche; diese wurde aus kanarischem Pinienholz gebaut. Diese versucht uns einen Hauch der Vergangenheit zu vermitteln, welcher jedoch mit modernen Einrichtungen verfeinert wurde.<\/p>\n<\/div>\n<div class=\"col-md-6\">\n<p>Voll ausgestattet mit allen Ger\u00e4ten und Utensilien, die man brauchen k\u00f6nnte. Sie verf\u00fcgt ebenfalls \u00fcber eine gro\u00dfe Fensterfront mit Blick auf die Terrasse.<\/p>\n<\/div>\n<\/div>\n<div class=\"row\">\n<div class=\"col-md-12\">\n<hr \/>\n<\/div>\n<\/div>\n<div class=\"row\">\n<div class=\"col-md-12\">\n<h2>FOTOGRAFIEN<\/h2>\n<\/div>\n<\/div>\n<div class=\"row\">\n<div class=\"col-md-4\">\n<div class=\"gallery-item\" style=\"width: 100%; height: auto;\">\n<p><a class=\"fancybox\" title=\"\" href=\"https:\/\/casaellunchon.com\/wp-content\/uploads\/2020\/06\/007-Luncho\u0301n-Casa-DSCF4565-HDR.jpg\" data-fancybox-group=\"gallery\" data-rel=\"lightbox-image-0\" data-rl_title=\"\" data-rl_caption=\"\"><img decoding=\"async\" class=\"img-responsive\" src=\"https:\/\/casaellunchon.com\/wp-content\/uploads\/2020\/06\/007-Luncho\u0301n-Casa-DSCF4565-HDR.jpg\" alt=\"\" \/><\/a><\/p>\n<div class=\"overlay\"><\/div>\n<p>&nbsp;<\/p>\n<\/div>\n<\/div>\n<div class=\"col-md-4\">\n<div class=\"gallery-item \" style=\"width: 100%; height: auto;\">\n<p><a class=\"fancybox\" title=\"\" href=\"https:\/\/casaellunchon.com\/wp-content\/uploads\/2020\/06\/011-Luncho\u0301n-Casa-DSCF4583-HDR.jpg\" data-fancybox-group=\"gallery\" data-rel=\"lightbox-image-1\" data-rl_title=\"\" data-rl_caption=\"\"><img decoding=\"async\" class=\"img-responsive\" src=\"https:\/\/casaellunchon.com\/wp-content\/uploads\/2020\/06\/011-Luncho\u0301n-Casa-DSCF4583-HDR.jpg\" alt=\"\" \/><\/a><\/p>\n<div class=\"overlay\"><\/div>\n<p>&nbsp;<\/p>\n<\/div>\n<\/div>\n<div class=\"col-md-4\">\n<div class=\"gallery-item \" style=\"width: 100%; height: auto;\">\n<p><a class=\"fancybox\" title=\"\" href=\"https:\/\/casaellunchon.com\/wp-content\/uploads\/2020\/06\/002-Luncho\u0301n-Casa-DSCF4238-HDR.jpg\" data-fancybox-group=\"gallery\" data-rel=\"lightbox-image-2\" data-rl_title=\"\" data-rl_caption=\"\"><img decoding=\"async\" class=\"img-responsive\" src=\"https:\/\/casaellunchon.com\/wp-content\/uploads\/2020\/06\/002-Luncho\u0301n-Casa-DSCF4238-HDR.jpg\" alt=\"\" \/><\/a><\/p>\n<div class=\"overlay\"><\/div>\n<p>&nbsp;<\/p>\n<\/div>\n<\/div>\n<\/div>\n","protected":false},"excerpt":{"rendered":"<p>Es handelt sich hierbei um eine Nachbildung der alten K\u00fcche; diese wurde aus kanarischem Pinienholz gebaut. Diese versucht uns einen Hauch der Vergangenheit zu vermitteln, welcher jedoch mit modernen Einrichtungen&#8230;<\/p>\n","protected":false},"author":1,"featured_media":0,"parent":0,"menu_order":0,"comment_status":"open","ping_status":"open","template":"","meta":{"footnotes":""},"class_list":["post-288","page","type-page","status-publish"],"yoast_head":"<!-- This site is optimized with the Yoast SEO plugin v27.2 - https:\/\/yoast.com\/product\/yoast-seo-wordpress\/ -->\n<title>K\u00fcche - Casa Rural El Lunch\u00f3n<\/title>\n<meta name=\"robots\" content=\"index, follow, max-snippet:-1, max-image-preview:large, max-video-preview:-1\" \/>\n<link rel=\"canonical\" href=\"https:\/\/casaellunchon.com\/de\/kuche\/\" \/>\n<meta property=\"og:locale\" content=\"de_DE\" \/>\n<meta property=\"og:type\" content=\"article\" \/>\n<meta property=\"og:title\" content=\"K\u00fcche - Casa Rural El Lunch\u00f3n\" \/>\n<meta property=\"og:description\" content=\"Es handelt sich hierbei um eine Nachbildung der alten K\u00fcche; diese wurde aus kanarischem Pinienholz gebaut. Diese versucht uns einen Hauch der Vergangenheit zu vermitteln, welcher jedoch mit modernen Einrichtungen...\" \/>\n<meta property=\"og:url\" content=\"https:\/\/casaellunchon.com\/de\/kuche\/\" \/>\n<meta property=\"og:site_name\" content=\"Casa Rural El Lunch\u00f3n\" \/>\n<meta property=\"article:modified_time\" content=\"2020-06-15T21:02:21+00:00\" \/>\n<meta property=\"og:image\" content=\"https:\/\/casaellunchon.com\/wp-content\/uploads\/2020\/06\/007-Luncho\u0301n-Casa-DSCF4565-HDR.jpg\" \/>\n<meta name=\"twitter:card\" content=\"summary_large_image\" \/>\n<script type=\"application\/ld+json\" class=\"yoast-schema-graph\">{\"@context\":\"https:\/\/schema.org\",\"@graph\":[{\"@type\":\"WebPage\",\"@id\":\"https:\/\/casaellunchon.com\/de\/kuche\/\",\"url\":\"https:\/\/casaellunchon.com\/de\/kuche\/\",\"name\":\"K\u00fcche - Casa Rural El Lunch\u00f3n\",\"isPartOf\":{\"@id\":\"https:\/\/casaellunchon.com\/#website\"},\"datePublished\":\"2015-01-09T09:26:41+00:00\",\"dateModified\":\"2020-06-15T21:02:21+00:00\",\"breadcrumb\":{\"@id\":\"https:\/\/casaellunchon.com\/de\/kuche\/#breadcrumb\"},\"inLanguage\":\"de\",\"potentialAction\":[{\"@type\":\"ReadAction\",\"target\":[\"https:\/\/casaellunchon.com\/de\/kuche\/\"]}]},{\"@type\":\"BreadcrumbList\",\"@id\":\"https:\/\/casaellunchon.com\/de\/kuche\/#breadcrumb\",\"itemListElement\":[{\"@type\":\"ListItem\",\"position\":1,\"name\":\"Portada\",\"item\":\"https:\/\/casaellunchon.com\/de\/\"},{\"@type\":\"ListItem\",\"position\":2,\"name\":\"K\u00fcche\"}]},{\"@type\":\"WebSite\",\"@id\":\"https:\/\/casaellunchon.com\/#website\",\"url\":\"https:\/\/casaellunchon.com\/\",\"name\":\"Casa Rural El Lunch\u00f3n\",\"description\":\"El Hierro\",\"potentialAction\":[{\"@type\":\"SearchAction\",\"target\":{\"@type\":\"EntryPoint\",\"urlTemplate\":\"https:\/\/casaellunchon.com\/?s={search_term_string}\"},\"query-input\":{\"@type\":\"PropertyValueSpecification\",\"valueRequired\":true,\"valueName\":\"search_term_string\"}}],\"inLanguage\":\"de\"}]}<\/script>\n<!-- \/ Yoast SEO plugin. -->","yoast_head_json":{"title":"K\u00fcche - Casa Rural El Lunch\u00f3n","robots":{"index":"index","follow":"follow","max-snippet":"max-snippet:-1","max-image-preview":"max-image-preview:large","max-video-preview":"max-video-preview:-1"},"canonical":"https:\/\/casaellunchon.com\/de\/kuche\/","og_locale":"de_DE","og_type":"article","og_title":"K\u00fcche - Casa Rural El Lunch\u00f3n","og_description":"Es handelt sich hierbei um eine Nachbildung der alten K\u00fcche; diese wurde aus kanarischem Pinienholz gebaut. Diese versucht uns einen Hauch der Vergangenheit zu vermitteln, welcher jedoch mit modernen Einrichtungen...","og_url":"https:\/\/casaellunchon.com\/de\/kuche\/","og_site_name":"Casa Rural El Lunch\u00f3n","article_modified_time":"2020-06-15T21:02:21+00:00","og_image":[{"url":"https:\/\/casaellunchon.com\/wp-content\/uploads\/2020\/06\/007-Luncho\u0301n-Casa-DSCF4565-HDR.jpg","type":"","width":"","height":""}],"twitter_card":"summary_large_image","schema":{"@context":"https:\/\/schema.org","@graph":[{"@type":"WebPage","@id":"https:\/\/casaellunchon.com\/de\/kuche\/","url":"https:\/\/casaellunchon.com\/de\/kuche\/","name":"K\u00fcche - Casa Rural El Lunch\u00f3n","isPartOf":{"@id":"https:\/\/casaellunchon.com\/#website"},"datePublished":"2015-01-09T09:26:41+00:00","dateModified":"2020-06-15T21:02:21+00:00","breadcrumb":{"@id":"https:\/\/casaellunchon.com\/de\/kuche\/#breadcrumb"},"inLanguage":"de","potentialAction":[{"@type":"ReadAction","target":["https:\/\/casaellunchon.com\/de\/kuche\/"]}]},{"@type":"BreadcrumbList","@id":"https:\/\/casaellunchon.com\/de\/kuche\/#breadcrumb","itemListElement":[{"@type":"ListItem","position":1,"name":"Portada","item":"https:\/\/casaellunchon.com\/de\/"},{"@type":"ListItem","position":2,"name":"K\u00fcche"}]},{"@type":"WebSite","@id":"https:\/\/casaellunchon.com\/#website","url":"https:\/\/casaellunchon.com\/","name":"Casa Rural El Lunch\u00f3n","description":"El Hierro","potentialAction":[{"@type":"SearchAction","target":{"@type":"EntryPoint","urlTemplate":"https:\/\/casaellunchon.com\/?s={search_term_string}"},"query-input":{"@type":"PropertyValueSpecification","valueRequired":true,"valueName":"search_term_string"}}],"inLanguage":"de"}]}},"_links":{"self":[{"href":"https:\/\/casaellunchon.com\/de\/wp-json\/wp\/v2\/pages\/288","targetHints":{"allow":["GET"]}}],"collection":[{"href":"https:\/\/casaellunchon.com\/de\/wp-json\/wp\/v2\/pages"}],"about":[{"href":"https:\/\/casaellunchon.com\/de\/wp-json\/wp\/v2\/types\/page"}],"author":[{"embeddable":true,"href":"https:\/\/casaellunchon.com\/de\/wp-json\/wp\/v2\/users\/1"}],"replies":[{"embeddable":true,"href":"https:\/\/casaellunchon.com\/de\/wp-json\/wp\/v2\/comments?post=288"}],"version-history":[{"count":2,"href":"https:\/\/casaellunchon.com\/de\/wp-json\/wp\/v2\/pages\/288\/revisions"}],"predecessor-version":[{"id":1285,"href":"https:\/\/casaellunchon.com\/de\/wp-json\/wp\/v2\/pages\/288\/revisions\/1285"}],"wp:attachment":[{"href":"https:\/\/casaellunchon.com\/de\/wp-json\/wp\/v2\/media?parent=288"}],"curies":[{"name":"wp","href":"https:\/\/api.w.org\/{rel}","templated":true}]}}