{"id":341,"date":"2015-01-09T13:25:57","date_gmt":"2015-01-09T13:25:57","guid":{"rendered":"https:\/\/casaellunchon.com\/?page_id=341"},"modified":"2019-02-12T18:20:52","modified_gmt":"2019-02-12T18:20:52","slug":"reservations","status":"publish","type":"page","link":"https:\/\/casaellunchon.com\/en\/reservations\/","title":{"rendered":"Reservations"},"content":{"rendered":"\n<div class=\"wpcf7 no-js\" id=\"wpcf7-f637-o1\" lang=\"es-ES\" dir=\"ltr\" data-wpcf7-id=\"637\">\n<div class=\"screen-reader-response\"><p role=\"status\" aria-live=\"polite\" aria-atomic=\"true\"><\/p> <ul><\/ul><\/div>\n<form action=\"\/en\/wp-json\/wp\/v2\/pages\/341#wpcf7-f637-o1\" method=\"post\" class=\"wpcf7-form init\" aria-label=\"Formulario de contacto\" novalidate=\"novalidate\" data-status=\"init\">\n<fieldset class=\"hidden-fields-container\"><input type=\"hidden\" name=\"_wpcf7\" value=\"637\" \/><input type=\"hidden\" name=\"_wpcf7_version\" value=\"6.1.5\" \/><input type=\"hidden\" name=\"_wpcf7_locale\" value=\"es_ES\" \/><input type=\"hidden\" name=\"_wpcf7_unit_tag\" value=\"wpcf7-f637-o1\" \/><input type=\"hidden\" name=\"_wpcf7_container_post\" value=\"0\" \/><input type=\"hidden\" name=\"_wpcf7_posted_data_hash\" value=\"\" \/>\n<\/fieldset>\n<p><label> Name | Surname<br \/>\n<span class=\"wpcf7-form-control-wrap\" data-name=\"your-name\"><input size=\"40\" maxlength=\"400\" class=\"wpcf7-form-control wpcf7-text wpcf7-validates-as-required\" aria-required=\"true\" aria-invalid=\"false\" value=\"\" type=\"text\" name=\"your-name\" \/><\/span> <\/label>\n<\/p>\n<p><label> Your email<br \/>\n<span class=\"wpcf7-form-control-wrap\" data-name=\"your-email\"><input size=\"40\" maxlength=\"400\" class=\"wpcf7-form-control wpcf7-email wpcf7-validates-as-required wpcf7-text wpcf7-validates-as-email\" aria-required=\"true\" aria-invalid=\"false\" value=\"\" type=\"email\" name=\"your-email\" \/><\/span> <\/label>\n<\/p>\n<p><label>Phone number (optional)<br \/>\n<span class=\"wpcf7-form-control-wrap\" data-name=\"tel-325\"><input size=\"40\" maxlength=\"400\" class=\"wpcf7-form-control wpcf7-tel wpcf7-text wpcf7-validates-as-tel\" aria-invalid=\"false\" value=\"\" type=\"tel\" name=\"tel-325\" \/><\/span> <\/label>\n<\/p>\n<p><label>Arrival date<\/label><br \/>\n<span class=\"wpcf7-form-control-wrap\" data-name=\"date-938\"><input class=\"wpcf7-form-control wpcf7-date wpcf7-validates-as-date\" aria-invalid=\"false\" placeholder=\"Fecha de entrada\" value=\"\" type=\"date\" name=\"date-938\" \/><\/span>\n<\/p>\n<p><label>Departure date<\/label><br \/>\n<span class=\"wpcf7-form-control-wrap\" data-name=\"date-186\"><input class=\"wpcf7-form-control wpcf7-date wpcf7-validates-as-date\" aria-invalid=\"false\" placeholder=\"Fecha de salida\" value=\"\" type=\"date\" name=\"date-186\" \/><\/span>\n<\/p>\n<p><label>Guests<\/label><br \/>\n<span class=\"wpcf7-form-control-wrap\" data-name=\"number-384\"><input class=\"wpcf7-form-control wpcf7-number wpcf7-validates-as-required wpcf7-validates-as-number\" min=\"2\" max=\"6\" aria-required=\"true\" aria-invalid=\"false\" value=\"2\" type=\"number\" name=\"number-384\" \/><\/span>\n<\/p>\n<p><label>Observations (optional)<br \/>\n<span class=\"wpcf7-form-control-wrap\" data-name=\"your-message\"><textarea cols=\"40\" rows=\"10\" maxlength=\"2000\" class=\"wpcf7-form-control wpcf7-textarea\" aria-invalid=\"false\" name=\"your-message\"><\/textarea><\/span> <\/label>\n<\/p>\n<p><span class=\"wpcf7-form-control-wrap\" data-name=\"acceptance-742\"><span class=\"wpcf7-form-control wpcf7-acceptance\"><span class=\"wpcf7-list-item\"><label><input type=\"checkbox\" name=\"acceptance-742\" value=\"1\" aria-invalid=\"false\" \/><span class=\"wpcf7-list-item-label\"><font color=\"black\">Accept the <a href=\"https:\/\/casaellunchon.com\/politica-de-privacidad\/\">Privacy Policy<\/a><\/font><\/span><\/label><\/span><\/span><\/span>\n<\/p>\n<p><input class=\"wpcf7-form-control wpcf7-submit has-spinner\" type=\"submit\" value=\"Submit\" \/>\n<\/p>\n<table>\n\t<tr>\n\t\t<td>\n\t\t\t<p>Responsable\n\t\t\t<\/p>\n\t\t<\/td>\n\t\t<td>\n\t\t\t<p>Juli\u00e1n Quintero Aldana\n\t\t\t<\/p>\n\t\t<\/td>\n\t<\/tr>\n\t<tr>\n\t\t<td>\n\t\t\t<p>Finalidad\n\t\t\t<\/p>\n\t\t<\/td>\n\t\t<td>\n\t\t\t<p>Generar las reservas, prestarle el servicio solicitado y realizar la facturaci\u00f3n del mismo\n\t\t\t<\/p>\n\t\t<\/td>\n\t<\/tr>\n\t<tr>\n\t\t<td>\n\t\t\t<p>Legitimaci\u00f3n\n\t\t\t<\/p>\n\t\t<\/td>\n\t\t<td>\n\t\t\t<p>Ejecuci\u00f3n de relaci\u00f3n comercial y su consentimiento para generar las reservas\n\t\t\t<\/p>\n\t\t<\/td>\n\t<\/tr>\n\t<tr>\n\t\t<td>\n\t\t\t<p>Destinatarios\n\t\t\t<\/p>\n\t\t<\/td>\n\t\t<td>\n\t\t\t<p>No se comunicar\u00e1n a terceros, excepto por obligaci\u00f3n legal, ni tampoco se realizar\u00e1 ninguna transferencia internacional de datos sin su consentimiento previo\n\t\t\t<\/p>\n\t\t<\/td>\n\t<\/tr>\n\t<tr>\n\t\t<td>\n\t\t\t<p>Derechos\n\t\t\t<\/p>\n\t\t<\/td>\n\t\t<td>\n\t\t\t<p>Acceso, rectificaci\u00f3n, supresi\u00f3n, oposici\u00f3n, limitaci\u00f3n del tratamiento, portabilidad y presentar reclamaci\u00f3n ante la Agencia Espa\u00f1ola de Protecci\u00f3n de Datos.\n\t\t\t<\/p>\n\t\t<\/td>\n\t<\/tr>\n\t<tr>\n\t\t<td>\n\t\t\t<p>Informaci\u00f3n Adicional\n\t\t\t<\/p>\n\t\t<\/td>\n\t\t<td>\n\t\t\t<p>Consulte la informaci\u00f3n adicional y detallada sobre Protecci\u00f3n de Datos en nuestra <a href=\"https:\/\/casaellunchon.com\/politica-de-privacidad\/\">Pol\u00edtica de Privacidad<\/a>\n\t\t\t<\/p>\n\t\t<\/td>\n\t<\/tr>\n<\/table><div class=\"wpcf7-response-output\" aria-hidden=\"true\"><\/div>\n<\/form>\n<\/div>\n\n","protected":false},"excerpt":{"rendered":"Name | Surname Your email Phone number (optional) Arrival date Departure date Guests Observations (optional) Accept the Privacy Policy Responsable Juli\u00e1n Quintero Aldana Finalidad Generar las reservas, prestarle el servicio...","protected":false},"author":1,"featured_media":0,"parent":0,"menu_order":0,"comment_status":"open","ping_status":"open","template":"","meta":{"footnotes":""},"class_list":["post-341","page","type-page","status-publish"],"yoast_head":"<!-- This site is optimized with the Yoast SEO plugin v27.2 - https:\/\/yoast.com\/product\/yoast-seo-wordpress\/ -->\n<title>Reservations - Casa Rural El Lunch\u00f3n<\/title>\n<meta name=\"robots\" content=\"index, follow, max-snippet:-1, max-image-preview:large, max-video-preview:-1\" \/>\n<link rel=\"canonical\" href=\"https:\/\/casaellunchon.com\/en\/reservations\/\" \/>\n<meta property=\"og:locale\" content=\"en_US\" \/>\n<meta property=\"og:type\" content=\"article\" \/>\n<meta property=\"og:title\" content=\"Reservations - Casa Rural El Lunch\u00f3n\" \/>\n<meta property=\"og:url\" content=\"https:\/\/casaellunchon.com\/en\/reservations\/\" \/>\n<meta property=\"og:site_name\" content=\"Casa Rural El Lunch\u00f3n\" \/>\n<meta property=\"article:modified_time\" content=\"2019-02-12T18:20:52+00:00\" \/>\n<meta name=\"twitter:card\" content=\"summary_large_image\" \/>\n<script type=\"application\/ld+json\" class=\"yoast-schema-graph\">{\"@context\":\"https:\/\/schema.org\",\"@graph\":[{\"@type\":\"WebPage\",\"@id\":\"https:\/\/casaellunchon.com\/en\/reservations\/\",\"url\":\"https:\/\/casaellunchon.com\/en\/reservations\/\",\"name\":\"Reservations - Casa Rural El Lunch\u00f3n\",\"isPartOf\":{\"@id\":\"https:\/\/casaellunchon.com\/#website\"},\"datePublished\":\"2015-01-09T13:25:57+00:00\",\"dateModified\":\"2019-02-12T18:20:52+00:00\",\"breadcrumb\":{\"@id\":\"https:\/\/casaellunchon.com\/en\/reservations\/#breadcrumb\"},\"inLanguage\":\"en-US\",\"potentialAction\":[{\"@type\":\"ReadAction\",\"target\":[\"https:\/\/casaellunchon.com\/en\/reservations\/\"]}]},{\"@type\":\"BreadcrumbList\",\"@id\":\"https:\/\/casaellunchon.com\/en\/reservations\/#breadcrumb\",\"itemListElement\":[{\"@type\":\"ListItem\",\"position\":1,\"name\":\"Portada\",\"item\":\"https:\/\/casaellunchon.com\/en\/\"},{\"@type\":\"ListItem\",\"position\":2,\"name\":\"Reservations\"}]},{\"@type\":\"WebSite\",\"@id\":\"https:\/\/casaellunchon.com\/#website\",\"url\":\"https:\/\/casaellunchon.com\/\",\"name\":\"Casa Rural El Lunch\u00f3n\",\"description\":\"El Hierro\",\"potentialAction\":[{\"@type\":\"SearchAction\",\"target\":{\"@type\":\"EntryPoint\",\"urlTemplate\":\"https:\/\/casaellunchon.com\/?s={search_term_string}\"},\"query-input\":{\"@type\":\"PropertyValueSpecification\",\"valueRequired\":true,\"valueName\":\"search_term_string\"}}],\"inLanguage\":\"en-US\"}]}<\/script>\n<!-- \/ Yoast SEO plugin. -->","yoast_head_json":{"title":"Reservations - Casa Rural El Lunch\u00f3n","robots":{"index":"index","follow":"follow","max-snippet":"max-snippet:-1","max-image-preview":"max-image-preview:large","max-video-preview":"max-video-preview:-1"},"canonical":"https:\/\/casaellunchon.com\/en\/reservations\/","og_locale":"en_US","og_type":"article","og_title":"Reservations - Casa Rural El Lunch\u00f3n","og_url":"https:\/\/casaellunchon.com\/en\/reservations\/","og_site_name":"Casa Rural El Lunch\u00f3n","article_modified_time":"2019-02-12T18:20:52+00:00","twitter_card":"summary_large_image","schema":{"@context":"https:\/\/schema.org","@graph":[{"@type":"WebPage","@id":"https:\/\/casaellunchon.com\/en\/reservations\/","url":"https:\/\/casaellunchon.com\/en\/reservations\/","name":"Reservations - Casa Rural El Lunch\u00f3n","isPartOf":{"@id":"https:\/\/casaellunchon.com\/#website"},"datePublished":"2015-01-09T13:25:57+00:00","dateModified":"2019-02-12T18:20:52+00:00","breadcrumb":{"@id":"https:\/\/casaellunchon.com\/en\/reservations\/#breadcrumb"},"inLanguage":"en-US","potentialAction":[{"@type":"ReadAction","target":["https:\/\/casaellunchon.com\/en\/reservations\/"]}]},{"@type":"BreadcrumbList","@id":"https:\/\/casaellunchon.com\/en\/reservations\/#breadcrumb","itemListElement":[{"@type":"ListItem","position":1,"name":"Portada","item":"https:\/\/casaellunchon.com\/en\/"},{"@type":"ListItem","position":2,"name":"Reservations"}]},{"@type":"WebSite","@id":"https:\/\/casaellunchon.com\/#website","url":"https:\/\/casaellunchon.com\/","name":"Casa Rural El Lunch\u00f3n","description":"El Hierro","potentialAction":[{"@type":"SearchAction","target":{"@type":"EntryPoint","urlTemplate":"https:\/\/casaellunchon.com\/?s={search_term_string}"},"query-input":{"@type":"PropertyValueSpecification","valueRequired":true,"valueName":"search_term_string"}}],"inLanguage":"en-US"}]}},"_links":{"self":[{"href":"https:\/\/casaellunchon.com\/en\/wp-json\/wp\/v2\/pages\/341","targetHints":{"allow":["GET"]}}],"collection":[{"href":"https:\/\/casaellunchon.com\/en\/wp-json\/wp\/v2\/pages"}],"about":[{"href":"https:\/\/casaellunchon.com\/en\/wp-json\/wp\/v2\/types\/page"}],"author":[{"embeddable":true,"href":"https:\/\/casaellunchon.com\/en\/wp-json\/wp\/v2\/users\/1"}],"replies":[{"embeddable":true,"href":"https:\/\/casaellunchon.com\/en\/wp-json\/wp\/v2\/comments?post=341"}],"version-history":[{"count":2,"href":"https:\/\/casaellunchon.com\/en\/wp-json\/wp\/v2\/pages\/341\/revisions"}],"predecessor-version":[{"id":638,"href":"https:\/\/casaellunchon.com\/en\/wp-json\/wp\/v2\/pages\/341\/revisions\/638"}],"wp:attachment":[{"href":"https:\/\/casaellunchon.com\/en\/wp-json\/wp\/v2\/media?parent=341"}],"curies":[{"name":"wp","href":"https:\/\/api.w.org\/{rel}","templated":true}]}}